{"id":10235,"date":"2025-02-05T09:53:23","date_gmt":"2025-02-05T08:53:23","guid":{"rendered":"https:\/\/www.sams-industrie.fr\/product\/axe-dexcentration-tendeur-reference\/"},"modified":"2025-02-19T11:55:37","modified_gmt":"2025-02-19T10:55:37","slug":"axe-dexcentration-tendeur-reference","status":"publish","type":"product","link":"https:\/\/www.sams-industrie.fr\/en\/product\/axe-dexcentration-tendeur-reference\/","title":{"rendered":"Tensioner eccentric axis<br> Reference 2PC210030061"},"content":{"rendered":"","protected":false},"excerpt":{"rendered":"<p>RAPIDEX 2PC21<br \/> R\u00e9f\u00e9rence constructeur : 2PC210030061<br \/> R\u00e9f\u00e9rences \u00e9quivalentes : 2PC210030061 \/ M2PC210030061 \/ RAP2PC210030061<\/p>","protected":false},"featured_media":0,"comment_status":"open","ping_status":"closed","template":"","meta":[],"_links":{"self":[{"href":"https:\/\/www.sams-industrie.fr\/en\/wp-json\/wp\/v2\/product\/10235"}],"collection":[{"href":"https:\/\/www.sams-industrie.fr\/en\/wp-json\/wp\/v2\/product"}],"about":[{"href":"https:\/\/www.sams-industrie.fr\/en\/wp-json\/wp\/v2\/types\/product"}],"replies":[{"embeddable":true,"href":"https:\/\/www.sams-industrie.fr\/en\/wp-json\/wp\/v2\/comments?post=10235"}],"wp:attachment":[{"href":"https:\/\/www.sams-industrie.fr\/en\/wp-json\/wp\/v2\/media?parent=10235"}],"curies":[{"name":"wp","href":"https:\/\/api.w.org\/{rel}","templated":true}]}}