{"id":10234,"date":"2025-02-05T09:53:22","date_gmt":"2025-02-05T08:53:22","guid":{"rendered":"https:\/\/www.sams-industrie.fr\/product\/pignon-tendeur-reference\/"},"modified":"2025-02-19T11:55:36","modified_gmt":"2025-02-19T10:55:36","slug":"pignon-tendeur-reference","status":"publish","type":"product","link":"https:\/\/www.sams-industrie.fr\/en\/product\/pignon-tendeur-reference\/","title":{"rendered":"Tensioner sprocket<br> Reference 2PC210030060"},"content":{"rendered":"","protected":false},"excerpt":{"rendered":"<p>RAPIDEX 2PC21<br \/> R\u00e9f\u00e9rence constructeur : 2PC210030060<br \/> R\u00e9f\u00e9rences \u00e9quivalentes : 2PC210030060 \/ M2PC210030060 \/ RAP2PC210030060<\/p>","protected":false},"featured_media":0,"comment_status":"open","ping_status":"closed","template":"","meta":[],"_links":{"self":[{"href":"https:\/\/www.sams-industrie.fr\/en\/wp-json\/wp\/v2\/product\/10234"}],"collection":[{"href":"https:\/\/www.sams-industrie.fr\/en\/wp-json\/wp\/v2\/product"}],"about":[{"href":"https:\/\/www.sams-industrie.fr\/en\/wp-json\/wp\/v2\/types\/product"}],"replies":[{"embeddable":true,"href":"https:\/\/www.sams-industrie.fr\/en\/wp-json\/wp\/v2\/comments?post=10234"}],"wp:attachment":[{"href":"https:\/\/www.sams-industrie.fr\/en\/wp-json\/wp\/v2\/media?parent=10234"}],"curies":[{"name":"wp","href":"https:\/\/api.w.org\/{rel}","templated":true}]}}