{"id":10232,"date":"2025-02-05T09:53:20","date_gmt":"2025-02-05T08:53:20","guid":{"rendered":"https:\/\/www.sams-industrie.fr\/product\/pignon-de-transmission-reference-3\/"},"modified":"2025-02-19T11:55:35","modified_gmt":"2025-02-19T10:55:35","slug":"pignon-de-transmission-reference-3","status":"publish","type":"product","link":"https:\/\/www.sams-industrie.fr\/en\/product\/pignon-de-transmission-reference-3\/","title":{"rendered":"Transmission pinion<br> Reference 2PC21013213"},"content":{"rendered":"","protected":false},"excerpt":{"rendered":"<p>RAPIDEX 2PC21<br \/> R\u00e9f\u00e9rence constructeur : 2PC21013213<br \/> R\u00e9f\u00e9rences \u00e9quivalentes : 2PC21013213 \/ M2PC21013213 \/ RAP2PC21013213<\/p>","protected":false},"featured_media":0,"comment_status":"open","ping_status":"closed","template":"","meta":[],"_links":{"self":[{"href":"https:\/\/www.sams-industrie.fr\/en\/wp-json\/wp\/v2\/product\/10232"}],"collection":[{"href":"https:\/\/www.sams-industrie.fr\/en\/wp-json\/wp\/v2\/product"}],"about":[{"href":"https:\/\/www.sams-industrie.fr\/en\/wp-json\/wp\/v2\/types\/product"}],"replies":[{"embeddable":true,"href":"https:\/\/www.sams-industrie.fr\/en\/wp-json\/wp\/v2\/comments?post=10232"}],"wp:attachment":[{"href":"https:\/\/www.sams-industrie.fr\/en\/wp-json\/wp\/v2\/media?parent=10232"}],"curies":[{"name":"wp","href":"https:\/\/api.w.org\/{rel}","templated":true}]}}