{"id":10229,"date":"2025-02-05T09:53:16","date_gmt":"2025-02-05T08:53:16","guid":{"rendered":"https:\/\/www.sams-industrie.fr\/product\/pignon-de-liaison-reference\/"},"modified":"2025-02-19T11:55:33","modified_gmt":"2025-02-19T10:55:33","slug":"pignon-de-liaison-reference","status":"publish","type":"product","link":"https:\/\/www.sams-industrie.fr\/en\/product\/pignon-de-liaison-reference\/","title":{"rendered":"Connecting pinion<br> Reference EC-210-110-78"},"content":{"rendered":"","protected":false},"excerpt":{"rendered":"<p>RAPIDEX 2PC21<br \/> R\u00e9f\u00e9rence constructeur : EC-210-110-78<br \/> R\u00e9f\u00e9rences \u00e9quivalentes : EC21011078 \/ MEC21011078 \/ RAPEC21011078<\/p>","protected":false},"featured_media":0,"comment_status":"open","ping_status":"closed","template":"","meta":[],"_links":{"self":[{"href":"https:\/\/www.sams-industrie.fr\/en\/wp-json\/wp\/v2\/product\/10229"}],"collection":[{"href":"https:\/\/www.sams-industrie.fr\/en\/wp-json\/wp\/v2\/product"}],"about":[{"href":"https:\/\/www.sams-industrie.fr\/en\/wp-json\/wp\/v2\/types\/product"}],"replies":[{"embeddable":true,"href":"https:\/\/www.sams-industrie.fr\/en\/wp-json\/wp\/v2\/comments?post=10229"}],"wp:attachment":[{"href":"https:\/\/www.sams-industrie.fr\/en\/wp-json\/wp\/v2\/media?parent=10229"}],"curies":[{"name":"wp","href":"https:\/\/api.w.org\/{rel}","templated":true}]}}