{"id":10227,"date":"2025-02-05T09:53:11","date_gmt":"2025-02-05T08:53:11","guid":{"rendered":"https:\/\/www.sams-industrie.fr\/product\/arbre-cannele-reference-5\/"},"modified":"2025-02-19T11:55:31","modified_gmt":"2025-02-19T10:55:31","slug":"arbre-cannele-reference-5","status":"publish","type":"product","link":"https:\/\/www.sams-industrie.fr\/en\/product\/arbre-cannele-reference-5\/","title":{"rendered":"Fluted tree<br> Reference CJ-003-013 LF"},"content":{"rendered":"","protected":false},"excerpt":{"rendered":"<p>RAPIDEX 2PC721<br \/> R\u00e9f\u00e9rence constructeur : CJ-003-013 LF<br \/> R\u00e9f\u00e9rences \u00e9quivalentes : CJ003013LF \/ MCJ003013LF \/ RAPCJ003013LF<\/p>","protected":false},"featured_media":0,"comment_status":"open","ping_status":"closed","template":"","meta":[],"_links":{"self":[{"href":"https:\/\/www.sams-industrie.fr\/en\/wp-json\/wp\/v2\/product\/10227"}],"collection":[{"href":"https:\/\/www.sams-industrie.fr\/en\/wp-json\/wp\/v2\/product"}],"about":[{"href":"https:\/\/www.sams-industrie.fr\/en\/wp-json\/wp\/v2\/types\/product"}],"replies":[{"embeddable":true,"href":"https:\/\/www.sams-industrie.fr\/en\/wp-json\/wp\/v2\/comments?post=10227"}],"wp:attachment":[{"href":"https:\/\/www.sams-industrie.fr\/en\/wp-json\/wp\/v2\/media?parent=10227"}],"curies":[{"name":"wp","href":"https:\/\/api.w.org\/{rel}","templated":true}]}}