{"id":10224,"date":"2025-02-05T09:53:08","date_gmt":"2025-02-05T08:53:08","guid":{"rendered":"https:\/\/www.sams-industrie.fr\/product\/vis-reference\/"},"modified":"2025-02-19T11:55:29","modified_gmt":"2025-02-19T10:55:29","slug":"vis-reference","status":"publish","type":"product","link":"https:\/\/www.sams-industrie.fr\/en\/product\/vis-reference\/","title":{"rendered":"Screw<br> Reference CJ-003-100"},"content":{"rendered":"","protected":false},"excerpt":{"rendered":"<p>RAPIDEX 2PC721<br \/> R\u00e9f\u00e9rence constructeur : CJ-003-100<br \/> R\u00e9f\u00e9rences \u00e9quivalentes : CJ003100 \/ MCJ003100 \/ RAPCJ003100<\/p>","protected":false},"featured_media":0,"comment_status":"open","ping_status":"closed","template":"","meta":[],"_links":{"self":[{"href":"https:\/\/www.sams-industrie.fr\/en\/wp-json\/wp\/v2\/product\/10224"}],"collection":[{"href":"https:\/\/www.sams-industrie.fr\/en\/wp-json\/wp\/v2\/product"}],"about":[{"href":"https:\/\/www.sams-industrie.fr\/en\/wp-json\/wp\/v2\/types\/product"}],"replies":[{"embeddable":true,"href":"https:\/\/www.sams-industrie.fr\/en\/wp-json\/wp\/v2\/comments?post=10224"}],"wp:attachment":[{"href":"https:\/\/www.sams-industrie.fr\/en\/wp-json\/wp\/v2\/media?parent=10224"}],"curies":[{"name":"wp","href":"https:\/\/api.w.org\/{rel}","templated":true}]}}