{"id":10222,"date":"2025-02-05T09:53:05","date_gmt":"2025-02-05T08:53:05","guid":{"rendered":"https:\/\/www.sams-industrie.fr\/product\/bague-paliere-reference\/"},"modified":"2025-02-19T11:55:28","modified_gmt":"2025-02-19T10:55:28","slug":"bague-paliere-reference","status":"publish","type":"product","link":"https:\/\/www.sams-industrie.fr\/en\/product\/bague-paliere-reference\/","title":{"rendered":"Landing ring<br> Reference 2PC21-003-1066"},"content":{"rendered":"","protected":false},"excerpt":{"rendered":"<p>RAPIDEX 2PC721<br \/> R\u00e9f\u00e9rence constructeur : 2PC21-003-1066<br \/> R\u00e9f\u00e9rences \u00e9quivalentes : 2PC210031066 \/ M2PC210031066 \/ RAP2PC210031066<\/p>","protected":false},"featured_media":0,"comment_status":"open","ping_status":"closed","template":"","meta":[],"_links":{"self":[{"href":"https:\/\/www.sams-industrie.fr\/en\/wp-json\/wp\/v2\/product\/10222"}],"collection":[{"href":"https:\/\/www.sams-industrie.fr\/en\/wp-json\/wp\/v2\/product"}],"about":[{"href":"https:\/\/www.sams-industrie.fr\/en\/wp-json\/wp\/v2\/types\/product"}],"replies":[{"embeddable":true,"href":"https:\/\/www.sams-industrie.fr\/en\/wp-json\/wp\/v2\/comments?post=10222"}],"wp:attachment":[{"href":"https:\/\/www.sams-industrie.fr\/en\/wp-json\/wp\/v2\/media?parent=10222"}],"curies":[{"name":"wp","href":"https:\/\/api.w.org\/{rel}","templated":true}]}}