{"id":10218,"date":"2025-02-05T09:53:01","date_gmt":"2025-02-05T08:53:01","guid":{"rendered":"https:\/\/www.sams-industrie.fr\/product\/arbre-cannele-reference\/"},"modified":"2025-02-19T11:55:25","modified_gmt":"2025-02-19T10:55:25","slug":"arbre-cannele-reference","status":"publish","type":"product","link":"https:\/\/www.sams-industrie.fr\/en\/product\/arbre-cannele-reference\/","title":{"rendered":"Fluted tree<br> Reference CJ-003-251 LN"},"content":{"rendered":"","protected":false},"excerpt":{"rendered":"<p>RAPIDEX 2PC721 \u2013 RAPIDTWIN<br \/> R\u00e9f\u00e9rence constructeur : CJ-003-251 LN<br \/> R\u00e9f\u00e9rences \u00e9quivalentes : CJ003251LN \/ MCJ003251LN \/ RAPCJ003251LN<\/p>","protected":false},"featured_media":0,"comment_status":"open","ping_status":"closed","template":"","meta":[],"_links":{"self":[{"href":"https:\/\/www.sams-industrie.fr\/en\/wp-json\/wp\/v2\/product\/10218"}],"collection":[{"href":"https:\/\/www.sams-industrie.fr\/en\/wp-json\/wp\/v2\/product"}],"about":[{"href":"https:\/\/www.sams-industrie.fr\/en\/wp-json\/wp\/v2\/types\/product"}],"replies":[{"embeddable":true,"href":"https:\/\/www.sams-industrie.fr\/en\/wp-json\/wp\/v2\/comments?post=10218"}],"wp:attachment":[{"href":"https:\/\/www.sams-industrie.fr\/en\/wp-json\/wp\/v2\/media?parent=10218"}],"curies":[{"name":"wp","href":"https:\/\/api.w.org\/{rel}","templated":true}]}}