{"id":10215,"date":"2025-02-05T09:52:57","date_gmt":"2025-02-05T08:52:57","guid":{"rendered":"https:\/\/www.sams-industrie.fr\/product\/arbre-primaire-reference\/"},"modified":"2025-02-19T11:55:23","modified_gmt":"2025-02-19T10:55:23","slug":"arbre-primaire-reference","status":"publish","type":"product","link":"https:\/\/www.sams-industrie.fr\/en\/product\/arbre-primaire-reference\/","title":{"rendered":"Primary tree<br> Reference CJ-014-012"},"content":{"rendered":"","protected":false},"excerpt":{"rendered":"<p>RAPIDEX 2PC721<br \/> R\u00e9f\u00e9rence constructeur : CJ-014-012<br \/> R\u00e9f\u00e9rences \u00e9quivalentes : CJ014012 \/ MCJ014012 \/ RAPCJ014012<\/p>","protected":false},"featured_media":0,"comment_status":"open","ping_status":"closed","template":"","meta":[],"_links":{"self":[{"href":"https:\/\/www.sams-industrie.fr\/en\/wp-json\/wp\/v2\/product\/10215"}],"collection":[{"href":"https:\/\/www.sams-industrie.fr\/en\/wp-json\/wp\/v2\/product"}],"about":[{"href":"https:\/\/www.sams-industrie.fr\/en\/wp-json\/wp\/v2\/types\/product"}],"replies":[{"embeddable":true,"href":"https:\/\/www.sams-industrie.fr\/en\/wp-json\/wp\/v2\/comments?post=10215"}],"wp:attachment":[{"href":"https:\/\/www.sams-industrie.fr\/en\/wp-json\/wp\/v2\/media?parent=10215"}],"curies":[{"name":"wp","href":"https:\/\/api.w.org\/{rel}","templated":true}]}}