{"id":10210,"date":"2025-02-05T09:52:52","date_gmt":"2025-02-05T08:52:52","guid":{"rendered":"https:\/\/www.sams-industrie.fr\/product\/chape-reference\/"},"modified":"2025-02-19T11:55:19","modified_gmt":"2025-02-19T10:55:19","slug":"chape-reference","status":"publish","type":"product","link":"https:\/\/www.sams-industrie.fr\/en\/product\/chape-reference\/","title":{"rendered":"Screed<br> Reference CJ-255-063"},"content":{"rendered":"","protected":false},"excerpt":{"rendered":"<p>RAPIDEX 2PC721<br \/> R\u00e9f\u00e9rence constructeur : CJ-255-063<br \/> R\u00e9f\u00e9rences \u00e9quivalentes : CJ255063 \/ MCJ255063 \/ RAPCJ255063<\/p>","protected":false},"featured_media":0,"comment_status":"open","ping_status":"closed","template":"","meta":[],"_links":{"self":[{"href":"https:\/\/www.sams-industrie.fr\/en\/wp-json\/wp\/v2\/product\/10210"}],"collection":[{"href":"https:\/\/www.sams-industrie.fr\/en\/wp-json\/wp\/v2\/product"}],"about":[{"href":"https:\/\/www.sams-industrie.fr\/en\/wp-json\/wp\/v2\/types\/product"}],"replies":[{"embeddable":true,"href":"https:\/\/www.sams-industrie.fr\/en\/wp-json\/wp\/v2\/comments?post=10210"}],"wp:attachment":[{"href":"https:\/\/www.sams-industrie.fr\/en\/wp-json\/wp\/v2\/media?parent=10210"}],"curies":[{"name":"wp","href":"https:\/\/api.w.org\/{rel}","templated":true}]}}