{"id":10209,"date":"2025-02-05T09:52:49","date_gmt":"2025-02-05T08:52:49","guid":{"rendered":"https:\/\/www.sams-industrie.fr\/product\/reglette-entretoise-support-rouleau-reference\/"},"modified":"2025-02-19T11:55:17","modified_gmt":"2025-02-19T10:55:17","slug":"reglette-entretoise-support-rouleau-reference","status":"publish","type":"product","link":"https:\/\/www.sams-industrie.fr\/en\/product\/reglette-entretoise-support-rouleau-reference\/","title":{"rendered":"Roller support spacer strip<br> Reference CJ-255-057"},"content":{"rendered":"","protected":false},"excerpt":{"rendered":"<p>RAPIDEX 2PC721<br \/> R\u00e9f\u00e9rence constructeur : CJ-255-057<br \/> R\u00e9f\u00e9rences \u00e9quivalentes : CJ255057 \/ MCJ255057 \/ RAPCJ255057<\/p>","protected":false},"featured_media":0,"comment_status":"open","ping_status":"closed","template":"","meta":[],"_links":{"self":[{"href":"https:\/\/www.sams-industrie.fr\/en\/wp-json\/wp\/v2\/product\/10209"}],"collection":[{"href":"https:\/\/www.sams-industrie.fr\/en\/wp-json\/wp\/v2\/product"}],"about":[{"href":"https:\/\/www.sams-industrie.fr\/en\/wp-json\/wp\/v2\/types\/product"}],"replies":[{"embeddable":true,"href":"https:\/\/www.sams-industrie.fr\/en\/wp-json\/wp\/v2\/comments?post=10209"}],"wp:attachment":[{"href":"https:\/\/www.sams-industrie.fr\/en\/wp-json\/wp\/v2\/media?parent=10209"}],"curies":[{"name":"wp","href":"https:\/\/api.w.org\/{rel}","templated":true}]}}