{"id":10206,"date":"2025-02-05T09:52:46","date_gmt":"2025-02-05T08:52:46","guid":{"rendered":"https:\/\/www.sams-industrie.fr\/product\/embout-support-rouleau-simple-reference\/"},"modified":"2025-02-19T11:55:15","modified_gmt":"2025-02-19T10:55:15","slug":"embout-support-rouleau-simple-reference","status":"publish","type":"product","link":"https:\/\/www.sams-industrie.fr\/en\/product\/embout-support-rouleau-simple-reference\/","title":{"rendered":"Single roller support tip<br> Reference CJ-255-027 C"},"content":{"rendered":"","protected":false},"excerpt":{"rendered":"<p>RAPIDEX 2PC721<br \/> R\u00e9f\u00e9rence constructeur : CJ-255-027 C<br \/> R\u00e9f\u00e9rences \u00e9quivalentes : CJ255027C \/ MCJ255027C \/ RAPCJ255027C<\/p>","protected":false},"featured_media":0,"comment_status":"open","ping_status":"closed","template":"","meta":[],"_links":{"self":[{"href":"https:\/\/www.sams-industrie.fr\/en\/wp-json\/wp\/v2\/product\/10206"}],"collection":[{"href":"https:\/\/www.sams-industrie.fr\/en\/wp-json\/wp\/v2\/product"}],"about":[{"href":"https:\/\/www.sams-industrie.fr\/en\/wp-json\/wp\/v2\/types\/product"}],"replies":[{"embeddable":true,"href":"https:\/\/www.sams-industrie.fr\/en\/wp-json\/wp\/v2\/comments?post=10206"}],"wp:attachment":[{"href":"https:\/\/www.sams-industrie.fr\/en\/wp-json\/wp\/v2\/media?parent=10206"}],"curies":[{"name":"wp","href":"https:\/\/api.w.org\/{rel}","templated":true}]}}