{"id":10205,"date":"2025-02-05T09:52:45","date_gmt":"2025-02-05T08:52:45","guid":{"rendered":"https:\/\/www.sams-industrie.fr\/product\/flanc-support-rouleau-simple-reference\/"},"modified":"2025-02-19T11:55:15","modified_gmt":"2025-02-19T10:55:15","slug":"flanc-support-rouleau-simple-reference","status":"publish","type":"product","link":"https:\/\/www.sams-industrie.fr\/en\/product\/flanc-support-rouleau-simple-reference\/","title":{"rendered":"Single roller support side<br> Reference CJ-255-027 B"},"content":{"rendered":"","protected":false},"excerpt":{"rendered":"<p>RAPIDEX 2PC721<br \/> R\u00e9f\u00e9rence constructeur : CJ-255-027 B<br \/> R\u00e9f\u00e9rences \u00e9quivalentes : CJ255027B \/ MCJ255027B \/ RAPCJ255027B<\/p>","protected":false},"featured_media":0,"comment_status":"open","ping_status":"closed","template":"","meta":[],"_links":{"self":[{"href":"https:\/\/www.sams-industrie.fr\/en\/wp-json\/wp\/v2\/product\/10205"}],"collection":[{"href":"https:\/\/www.sams-industrie.fr\/en\/wp-json\/wp\/v2\/product"}],"about":[{"href":"https:\/\/www.sams-industrie.fr\/en\/wp-json\/wp\/v2\/types\/product"}],"replies":[{"embeddable":true,"href":"https:\/\/www.sams-industrie.fr\/en\/wp-json\/wp\/v2\/comments?post=10205"}],"wp:attachment":[{"href":"https:\/\/www.sams-industrie.fr\/en\/wp-json\/wp\/v2\/media?parent=10205"}],"curies":[{"name":"wp","href":"https:\/\/api.w.org\/{rel}","templated":true}]}}