{"id":10203,"date":"2025-02-05T09:52:44","date_gmt":"2025-02-05T08:52:44","guid":{"rendered":"https:\/\/www.sams-industrie.fr\/product\/vis-delevateur-reference\/"},"modified":"2025-02-19T11:55:13","modified_gmt":"2025-02-19T10:55:13","slug":"vis-delevateur-reference","status":"publish","type":"product","link":"https:\/\/www.sams-industrie.fr\/en\/product\/vis-delevateur-reference\/","title":{"rendered":"Elevator screw<br> Reference CJ-255-014"},"content":{"rendered":"","protected":false},"excerpt":{"rendered":"<p>RAPIDEX 2PC721<br \/> R\u00e9f\u00e9rence constructeur : CJ-255-014<br \/> R\u00e9f\u00e9rences \u00e9quivalentes : CJ255014 \/ MCJ255014 \/ RAPCJ255014<\/p>","protected":false},"featured_media":0,"comment_status":"open","ping_status":"closed","template":"","meta":[],"_links":{"self":[{"href":"https:\/\/www.sams-industrie.fr\/en\/wp-json\/wp\/v2\/product\/10203"}],"collection":[{"href":"https:\/\/www.sams-industrie.fr\/en\/wp-json\/wp\/v2\/product"}],"about":[{"href":"https:\/\/www.sams-industrie.fr\/en\/wp-json\/wp\/v2\/types\/product"}],"replies":[{"embeddable":true,"href":"https:\/\/www.sams-industrie.fr\/en\/wp-json\/wp\/v2\/comments?post=10203"}],"wp:attachment":[{"href":"https:\/\/www.sams-industrie.fr\/en\/wp-json\/wp\/v2\/media?parent=10203"}],"curies":[{"name":"wp","href":"https:\/\/api.w.org\/{rel}","templated":true}]}}