{"id":10200,"date":"2025-02-05T09:52:41","date_gmt":"2025-02-05T08:52:41","guid":{"rendered":"https:\/\/www.sams-industrie.fr\/product\/ecrou-delevateur-reference-3\/"},"modified":"2025-02-19T11:55:11","modified_gmt":"2025-02-19T10:55:11","slug":"ecrou-delevateur-reference-3","status":"publish","type":"product","link":"https:\/\/www.sams-industrie.fr\/en\/product\/ecrou-delevateur-reference-3\/","title":{"rendered":"Elevator nut<br> Reference FH-110-016-2"},"content":{"rendered":"","protected":false},"excerpt":{"rendered":"<p>RAPIDEX 2PC721<br \/> R\u00e9f\u00e9rence constructeur : FH-110-016-2<br \/> R\u00e9f\u00e9rences \u00e9quivalentes : FH110016-2 \/ MFH110016-2 \/ RAPFH110016-2<\/p>","protected":false},"featured_media":0,"comment_status":"open","ping_status":"closed","template":"","meta":[],"_links":{"self":[{"href":"https:\/\/www.sams-industrie.fr\/en\/wp-json\/wp\/v2\/product\/10200"}],"collection":[{"href":"https:\/\/www.sams-industrie.fr\/en\/wp-json\/wp\/v2\/product"}],"about":[{"href":"https:\/\/www.sams-industrie.fr\/en\/wp-json\/wp\/v2\/types\/product"}],"replies":[{"embeddable":true,"href":"https:\/\/www.sams-industrie.fr\/en\/wp-json\/wp\/v2\/comments?post=10200"}],"wp:attachment":[{"href":"https:\/\/www.sams-industrie.fr\/en\/wp-json\/wp\/v2\/media?parent=10200"}],"curies":[{"name":"wp","href":"https:\/\/api.w.org\/{rel}","templated":true}]}}