{"id":10199,"date":"2025-02-05T09:52:40","date_gmt":"2025-02-05T08:52:40","guid":{"rendered":"https:\/\/www.sams-industrie.fr\/product\/ecrou-delevateur-monte-reference\/"},"modified":"2025-10-14T16:38:10","modified_gmt":"2025-10-14T14:38:10","slug":"ecrou-delevateur-monte-reference","status":"publish","type":"product","link":"https:\/\/www.sams-industrie.fr\/en\/product\/ecrou-delevateur-monte-reference\/","title":{"rendered":"Mounted elevator nut<br> Reference FH-110-016"},"content":{"rendered":"","protected":false},"excerpt":{"rendered":"<p>RAPIDEX 2PC721<br \/>\nR\u00e9f\u00e9rence constructeur : FH-110-016<br \/>\nR\u00e9f\u00e9rences \u00e9quivalentes : FH110016 \/ MFH110016 \/ RAPFH110016<\/p>","protected":false},"featured_media":11636,"comment_status":"open","ping_status":"closed","template":"","meta":[],"_links":{"self":[{"href":"https:\/\/www.sams-industrie.fr\/en\/wp-json\/wp\/v2\/product\/10199"}],"collection":[{"href":"https:\/\/www.sams-industrie.fr\/en\/wp-json\/wp\/v2\/product"}],"about":[{"href":"https:\/\/www.sams-industrie.fr\/en\/wp-json\/wp\/v2\/types\/product"}],"replies":[{"embeddable":true,"href":"https:\/\/www.sams-industrie.fr\/en\/wp-json\/wp\/v2\/comments?post=10199"}],"wp:featuredmedia":[{"embeddable":true,"href":"https:\/\/www.sams-industrie.fr\/en\/wp-json\/wp\/v2\/media\/11636"}],"wp:attachment":[{"href":"https:\/\/www.sams-industrie.fr\/en\/wp-json\/wp\/v2\/media?parent=10199"}],"curies":[{"name":"wp","href":"https:\/\/api.w.org\/{rel}","templated":true}]}}