{"id":10196,"date":"2025-02-05T09:52:37","date_gmt":"2025-02-05T08:52:37","guid":{"rendered":"https:\/\/www.sams-industrie.fr\/product\/poutre-de-rehausse-reference\/"},"modified":"2025-02-19T11:55:08","modified_gmt":"2025-02-19T10:55:08","slug":"poutre-de-rehausse-reference","status":"publish","type":"product","link":"https:\/\/www.sams-industrie.fr\/en\/product\/poutre-de-rehausse-reference\/","title":{"rendered":"Raising beam<br> Reference CJ-001-005 LE"},"content":{"rendered":"","protected":false},"excerpt":{"rendered":"<p>RAPIDEX 2PC721<br \/> R\u00e9f\u00e9rence constructeur : CJ-001-005 LE<br \/> R\u00e9f\u00e9rences \u00e9quivalentes : CJ001005LE \/ MCJ001005LE \/ RAPCJ001005LE<\/p>","protected":false},"featured_media":0,"comment_status":"open","ping_status":"closed","template":"","meta":[],"_links":{"self":[{"href":"https:\/\/www.sams-industrie.fr\/en\/wp-json\/wp\/v2\/product\/10196"}],"collection":[{"href":"https:\/\/www.sams-industrie.fr\/en\/wp-json\/wp\/v2\/product"}],"about":[{"href":"https:\/\/www.sams-industrie.fr\/en\/wp-json\/wp\/v2\/types\/product"}],"replies":[{"embeddable":true,"href":"https:\/\/www.sams-industrie.fr\/en\/wp-json\/wp\/v2\/comments?post=10196"}],"wp:attachment":[{"href":"https:\/\/www.sams-industrie.fr\/en\/wp-json\/wp\/v2\/media?parent=10196"}],"curies":[{"name":"wp","href":"https:\/\/api.w.org\/{rel}","templated":true}]}}