{"id":10195,"date":"2025-02-05T09:52:36","date_gmt":"2025-02-05T08:52:36","guid":{"rendered":"https:\/\/www.sams-industrie.fr\/product\/contreplaque-de-rehausse-reference\/"},"modified":"2025-02-19T11:55:08","modified_gmt":"2025-02-19T10:55:08","slug":"contreplaque-de-rehausse-reference","status":"publish","type":"product","link":"https:\/\/www.sams-industrie.fr\/en\/product\/contreplaque-de-rehausse-reference\/","title":{"rendered":"Raising plate<br> Reference CJ-001-302"},"content":{"rendered":"","protected":false},"excerpt":{"rendered":"<p>RAPIDEX 2PC721<br \/> R\u00e9f\u00e9rence constructeur : CJ-001-302<br \/> R\u00e9f\u00e9rences \u00e9quivalentes : CJ001302 \/ MCJ001302 \/ RAPCJ001302<\/p>","protected":false},"featured_media":0,"comment_status":"open","ping_status":"closed","template":"","meta":[],"_links":{"self":[{"href":"https:\/\/www.sams-industrie.fr\/en\/wp-json\/wp\/v2\/product\/10195"}],"collection":[{"href":"https:\/\/www.sams-industrie.fr\/en\/wp-json\/wp\/v2\/product"}],"about":[{"href":"https:\/\/www.sams-industrie.fr\/en\/wp-json\/wp\/v2\/types\/product"}],"replies":[{"embeddable":true,"href":"https:\/\/www.sams-industrie.fr\/en\/wp-json\/wp\/v2\/comments?post=10195"}],"wp:attachment":[{"href":"https:\/\/www.sams-industrie.fr\/en\/wp-json\/wp\/v2\/media?parent=10195"}],"curies":[{"name":"wp","href":"https:\/\/api.w.org\/{rel}","templated":true}]}}