{"id":10192,"date":"2025-02-05T09:52:34","date_gmt":"2025-02-05T08:52:34","guid":{"rendered":"https:\/\/www.sams-industrie.fr\/product\/entretoise-de-contre-presseur-reference\/"},"modified":"2025-02-19T11:55:05","modified_gmt":"2025-02-19T10:55:05","slug":"entretoise-de-contre-presseur-reference","status":"publish","type":"product","link":"https:\/\/www.sams-industrie.fr\/en\/product\/entretoise-de-contre-presseur-reference\/","title":{"rendered":"Counter-pressor spacer<br> Reference CJ-118-038"},"content":{"rendered":"","protected":false},"excerpt":{"rendered":"<p>RAPIDEX 2PC721<br \/> R\u00e9f\u00e9rence constructeur : CJ-118-038<br \/> R\u00e9f\u00e9rences \u00e9quivalentes : CJ118038 \/ MCJ118038 \/ RAPCJ118038<\/p>","protected":false},"featured_media":0,"comment_status":"open","ping_status":"closed","template":"","meta":[],"_links":{"self":[{"href":"https:\/\/www.sams-industrie.fr\/en\/wp-json\/wp\/v2\/product\/10192"}],"collection":[{"href":"https:\/\/www.sams-industrie.fr\/en\/wp-json\/wp\/v2\/product"}],"about":[{"href":"https:\/\/www.sams-industrie.fr\/en\/wp-json\/wp\/v2\/types\/product"}],"replies":[{"embeddable":true,"href":"https:\/\/www.sams-industrie.fr\/en\/wp-json\/wp\/v2\/comments?post=10192"}],"wp:attachment":[{"href":"https:\/\/www.sams-industrie.fr\/en\/wp-json\/wp\/v2\/media?parent=10192"}],"curies":[{"name":"wp","href":"https:\/\/api.w.org\/{rel}","templated":true}]}}