{"id":10189,"date":"2025-02-05T09:52:31","date_gmt":"2025-02-05T08:52:31","guid":{"rendered":"https:\/\/www.sams-industrie.fr\/product\/axe-de-contre-presseur-reference\/"},"modified":"2025-02-19T11:55:03","modified_gmt":"2025-02-19T10:55:03","slug":"axe-de-contre-presseur-reference","status":"publish","type":"product","link":"https:\/\/www.sams-industrie.fr\/en\/product\/axe-de-contre-presseur-reference\/","title":{"rendered":"Counter-pressure shaft<br> Reference CJ-118-031"},"content":{"rendered":"","protected":false},"excerpt":{"rendered":"<p>RAPIDEX 2PC721<br \/> R\u00e9f\u00e9rence constructeur : CJ-118-031<br \/> R\u00e9f\u00e9rences \u00e9quivalentes : CJ118031 \/ MCJ118031 \/ RAPCJ118031<\/p>","protected":false},"featured_media":0,"comment_status":"open","ping_status":"closed","template":"","meta":[],"_links":{"self":[{"href":"https:\/\/www.sams-industrie.fr\/en\/wp-json\/wp\/v2\/product\/10189"}],"collection":[{"href":"https:\/\/www.sams-industrie.fr\/en\/wp-json\/wp\/v2\/product"}],"about":[{"href":"https:\/\/www.sams-industrie.fr\/en\/wp-json\/wp\/v2\/types\/product"}],"replies":[{"embeddable":true,"href":"https:\/\/www.sams-industrie.fr\/en\/wp-json\/wp\/v2\/comments?post=10189"}],"wp:attachment":[{"href":"https:\/\/www.sams-industrie.fr\/en\/wp-json\/wp\/v2\/media?parent=10189"}],"curies":[{"name":"wp","href":"https:\/\/api.w.org\/{rel}","templated":true}]}}