{"id":10188,"date":"2025-02-05T09:52:30","date_gmt":"2025-02-05T08:52:30","guid":{"rendered":"https:\/\/www.sams-industrie.fr\/product\/grain-de-verrouillage-contre-presseur-reference\/"},"modified":"2025-02-19T11:55:02","modified_gmt":"2025-02-19T10:55:02","slug":"grain-de-verrouillage-contre-presseur-reference","status":"publish","type":"product","link":"https:\/\/www.sams-industrie.fr\/en\/product\/grain-de-verrouillage-contre-presseur-reference\/","title":{"rendered":"Counter-pressure locking grain<br> Reference CJ-130-019"},"content":{"rendered":"","protected":false},"excerpt":{"rendered":"<p>RAPIDEX 2PC721<br \/> R\u00e9f\u00e9rence constructeur : CJ-130-019<br \/> R\u00e9f\u00e9rences \u00e9quivalentes : CJ130019 \/ MCJ130019 \/ RAPCJ130019<\/p>","protected":false},"featured_media":0,"comment_status":"open","ping_status":"closed","template":"","meta":[],"_links":{"self":[{"href":"https:\/\/www.sams-industrie.fr\/en\/wp-json\/wp\/v2\/product\/10188"}],"collection":[{"href":"https:\/\/www.sams-industrie.fr\/en\/wp-json\/wp\/v2\/product"}],"about":[{"href":"https:\/\/www.sams-industrie.fr\/en\/wp-json\/wp\/v2\/types\/product"}],"replies":[{"embeddable":true,"href":"https:\/\/www.sams-industrie.fr\/en\/wp-json\/wp\/v2\/comments?post=10188"}],"wp:attachment":[{"href":"https:\/\/www.sams-industrie.fr\/en\/wp-json\/wp\/v2\/media?parent=10188"}],"curies":[{"name":"wp","href":"https:\/\/api.w.org\/{rel}","templated":true}]}}