{"id":10185,"date":"2025-02-05T09:52:26","date_gmt":"2025-02-05T08:52:26","guid":{"rendered":"https:\/\/www.sams-industrie.fr\/product\/contre-roue-de-presseur-reference\/"},"modified":"2025-02-19T11:55:00","modified_gmt":"2025-02-19T10:55:00","slug":"contre-roue-de-presseur-reference","status":"publish","type":"product","link":"https:\/\/www.sams-industrie.fr\/en\/product\/contre-roue-de-presseur-reference\/","title":{"rendered":"Presser counter wheel<br> Reference CJ-118-104"},"content":{"rendered":"","protected":false},"excerpt":{"rendered":"<p>RAPIDEX 2PC721<br \/> R\u00e9f\u00e9rence constructeur : CJ-118-104<br \/> R\u00e9f\u00e9rences \u00e9quivalentes : CJ118104 \/ MCJ118104 \/ RAPCJ118104<\/p>","protected":false},"featured_media":0,"comment_status":"open","ping_status":"closed","template":"","meta":[],"_links":{"self":[{"href":"https:\/\/www.sams-industrie.fr\/en\/wp-json\/wp\/v2\/product\/10185"}],"collection":[{"href":"https:\/\/www.sams-industrie.fr\/en\/wp-json\/wp\/v2\/product"}],"about":[{"href":"https:\/\/www.sams-industrie.fr\/en\/wp-json\/wp\/v2\/types\/product"}],"replies":[{"embeddable":true,"href":"https:\/\/www.sams-industrie.fr\/en\/wp-json\/wp\/v2\/comments?post=10185"}],"wp:attachment":[{"href":"https:\/\/www.sams-industrie.fr\/en\/wp-json\/wp\/v2\/media?parent=10185"}],"curies":[{"name":"wp","href":"https:\/\/api.w.org\/{rel}","templated":true}]}}