{"id":10183,"date":"2025-02-05T09:52:24","date_gmt":"2025-02-05T08:52:24","guid":{"rendered":"https:\/\/www.sams-industrie.fr\/product\/flanc-de-contre-roue-de-presseur-reference\/"},"modified":"2025-02-19T11:54:59","modified_gmt":"2025-02-19T10:54:59","slug":"flanc-de-contre-roue-de-presseur-reference","status":"publish","type":"product","link":"https:\/\/www.sams-industrie.fr\/en\/product\/flanc-de-contre-roue-de-presseur-reference\/","title":{"rendered":"Presser counterwheel flank<br> Reference CJ-118-030"},"content":{"rendered":"","protected":false},"excerpt":{"rendered":"<p>RAPIDEX 2PC721<br \/> R\u00e9f\u00e9rence constructeur : CJ-118-030<br \/> R\u00e9f\u00e9rences \u00e9quivalentes : CJ118030 \/ MCJ118030 \/ RAPCJ118030<\/p>","protected":false},"featured_media":0,"comment_status":"open","ping_status":"closed","template":"","meta":[],"_links":{"self":[{"href":"https:\/\/www.sams-industrie.fr\/en\/wp-json\/wp\/v2\/product\/10183"}],"collection":[{"href":"https:\/\/www.sams-industrie.fr\/en\/wp-json\/wp\/v2\/product"}],"about":[{"href":"https:\/\/www.sams-industrie.fr\/en\/wp-json\/wp\/v2\/types\/product"}],"replies":[{"embeddable":true,"href":"https:\/\/www.sams-industrie.fr\/en\/wp-json\/wp\/v2\/comments?post=10183"}],"wp:attachment":[{"href":"https:\/\/www.sams-industrie.fr\/en\/wp-json\/wp\/v2\/media?parent=10183"}],"curies":[{"name":"wp","href":"https:\/\/api.w.org\/{rel}","templated":true}]}}