{"id":10182,"date":"2025-02-05T09:52:23","date_gmt":"2025-02-05T08:52:23","guid":{"rendered":"https:\/\/www.sams-industrie.fr\/product\/ressort-de-palette-de-contre-presseur-reference\/"},"modified":"2025-10-14T16:36:06","modified_gmt":"2025-10-14T14:36:06","slug":"ressort-de-palette-de-contre-presseur-reference","status":"publish","type":"product","link":"https:\/\/www.sams-industrie.fr\/en\/product\/ressort-de-palette-de-contre-presseur-reference\/","title":{"rendered":"Counterpressor vane spring<br> Reference RT-003"},"content":{"rendered":"","protected":false},"excerpt":{"rendered":"<p>RAPIDEX 2PC721<br \/>\nR\u00e9f\u00e9rence constructeur : RT-003<br \/>\nR\u00e9f\u00e9rences \u00e9quivalentes : RT003 \/ MRT003 \/ RAPRT003<\/p>","protected":false},"featured_media":11634,"comment_status":"open","ping_status":"closed","template":"","meta":[],"_links":{"self":[{"href":"https:\/\/www.sams-industrie.fr\/en\/wp-json\/wp\/v2\/product\/10182"}],"collection":[{"href":"https:\/\/www.sams-industrie.fr\/en\/wp-json\/wp\/v2\/product"}],"about":[{"href":"https:\/\/www.sams-industrie.fr\/en\/wp-json\/wp\/v2\/types\/product"}],"replies":[{"embeddable":true,"href":"https:\/\/www.sams-industrie.fr\/en\/wp-json\/wp\/v2\/comments?post=10182"}],"wp:featuredmedia":[{"embeddable":true,"href":"https:\/\/www.sams-industrie.fr\/en\/wp-json\/wp\/v2\/media\/11634"}],"wp:attachment":[{"href":"https:\/\/www.sams-industrie.fr\/en\/wp-json\/wp\/v2\/media?parent=10182"}],"curies":[{"name":"wp","href":"https:\/\/api.w.org\/{rel}","templated":true}]}}