{"id":10181,"date":"2025-02-05T09:52:22","date_gmt":"2025-02-05T08:52:22","guid":{"rendered":"https:\/\/www.sams-industrie.fr\/product\/palette-de-champignon-reference\/"},"modified":"2025-02-19T11:54:56","modified_gmt":"2025-02-19T10:54:56","slug":"palette-de-champignon-reference","status":"publish","type":"product","link":"https:\/\/www.sams-industrie.fr\/en\/product\/palette-de-champignon-reference\/","title":{"rendered":"Mushroom palette<br> Reference CJ-130-018"},"content":{"rendered":"","protected":false},"excerpt":{"rendered":"<p>RAPIDEX 2PC721<br \/> R\u00e9f\u00e9rence constructeur : CJ-130-018<br \/> R\u00e9f\u00e9rences \u00e9quivalentes : CJ130018 \/ MCJ130018 \/ RAPCJ130018<\/p>","protected":false},"featured_media":0,"comment_status":"open","ping_status":"closed","template":"","meta":[],"_links":{"self":[{"href":"https:\/\/www.sams-industrie.fr\/en\/wp-json\/wp\/v2\/product\/10181"}],"collection":[{"href":"https:\/\/www.sams-industrie.fr\/en\/wp-json\/wp\/v2\/product"}],"about":[{"href":"https:\/\/www.sams-industrie.fr\/en\/wp-json\/wp\/v2\/types\/product"}],"replies":[{"embeddable":true,"href":"https:\/\/www.sams-industrie.fr\/en\/wp-json\/wp\/v2\/comments?post=10181"}],"wp:attachment":[{"href":"https:\/\/www.sams-industrie.fr\/en\/wp-json\/wp\/v2\/media?parent=10181"}],"curies":[{"name":"wp","href":"https:\/\/api.w.org\/{rel}","templated":true}]}}