{"id":10180,"date":"2025-02-05T09:52:21","date_gmt":"2025-02-05T08:52:21","guid":{"rendered":"https:\/\/www.sams-industrie.fr\/product\/champignon-contre-presseur-reference\/"},"modified":"2025-02-19T11:54:55","modified_gmt":"2025-02-19T10:54:55","slug":"champignon-contre-presseur-reference","status":"publish","type":"product","link":"https:\/\/www.sams-industrie.fr\/en\/product\/champignon-contre-presseur-reference\/","title":{"rendered":"Counter-pressure mushroom<br> Reference CJ-130-017"},"content":{"rendered":"","protected":false},"excerpt":{"rendered":"<p>RAPIDEX 2PC721<br \/> R\u00e9f\u00e9rence constructeur : CJ-130-017<br \/> R\u00e9f\u00e9rences \u00e9quivalentes : CJ13017 \/ MCJ13017 \/ RAPCJ13017<\/p>","protected":false},"featured_media":0,"comment_status":"open","ping_status":"closed","template":"","meta":[],"_links":{"self":[{"href":"https:\/\/www.sams-industrie.fr\/en\/wp-json\/wp\/v2\/product\/10180"}],"collection":[{"href":"https:\/\/www.sams-industrie.fr\/en\/wp-json\/wp\/v2\/product"}],"about":[{"href":"https:\/\/www.sams-industrie.fr\/en\/wp-json\/wp\/v2\/types\/product"}],"replies":[{"embeddable":true,"href":"https:\/\/www.sams-industrie.fr\/en\/wp-json\/wp\/v2\/comments?post=10180"}],"wp:attachment":[{"href":"https:\/\/www.sams-industrie.fr\/en\/wp-json\/wp\/v2\/media?parent=10180"}],"curies":[{"name":"wp","href":"https:\/\/api.w.org\/{rel}","templated":true}]}}