{"id":10179,"date":"2025-02-05T09:52:21","date_gmt":"2025-02-05T08:52:21","guid":{"rendered":"https:\/\/www.sams-industrie.fr\/product\/support-de-combine-de-contre-presse-reference\/"},"modified":"2025-02-19T11:54:54","modified_gmt":"2025-02-19T10:54:54","slug":"support-de-combine-de-contre-presse-reference","status":"publish","type":"product","link":"https:\/\/www.sams-industrie.fr\/en\/product\/support-de-combine-de-contre-presse-reference\/","title":{"rendered":"Counter press combination support<br> Reference CJ-118-106"},"content":{"rendered":"","protected":false},"excerpt":{"rendered":"<p>RAPIDEX 2PC721<br \/> R\u00e9f\u00e9rence constructeur : CJ-118-106<br \/> R\u00e9f\u00e9rences \u00e9quivalentes : CJ118106 \/ MCJ118106 \/ RAPCJ118106<\/p>","protected":false},"featured_media":0,"comment_status":"open","ping_status":"closed","template":"","meta":[],"_links":{"self":[{"href":"https:\/\/www.sams-industrie.fr\/en\/wp-json\/wp\/v2\/product\/10179"}],"collection":[{"href":"https:\/\/www.sams-industrie.fr\/en\/wp-json\/wp\/v2\/product"}],"about":[{"href":"https:\/\/www.sams-industrie.fr\/en\/wp-json\/wp\/v2\/types\/product"}],"replies":[{"embeddable":true,"href":"https:\/\/www.sams-industrie.fr\/en\/wp-json\/wp\/v2\/comments?post=10179"}],"wp:attachment":[{"href":"https:\/\/www.sams-industrie.fr\/en\/wp-json\/wp\/v2\/media?parent=10179"}],"curies":[{"name":"wp","href":"https:\/\/api.w.org\/{rel}","templated":true}]}}