{"id":10177,"date":"2025-02-05T09:52:19","date_gmt":"2025-02-05T08:52:19","guid":{"rendered":"https:\/\/www.sams-industrie.fr\/product\/ecrou-de-verrou-contre-presseur-reference\/"},"modified":"2025-10-14T16:34:25","modified_gmt":"2025-10-14T14:34:25","slug":"ecrou-de-verrou-contre-presseur-reference","status":"publish","type":"product","link":"https:\/\/www.sams-industrie.fr\/en\/product\/ecrou-de-verrou-contre-presseur-reference\/","title":{"rendered":"Counter-pressor lock nut<br> Reference CJ-130-022"},"content":{"rendered":"","protected":false},"excerpt":{"rendered":"<p>RAPIDEX 2PC721<br \/>\nR\u00e9f\u00e9rence constructeur : CJ-130-022<br \/>\nR\u00e9f\u00e9rences \u00e9quivalentes : CJ130022 \/ MCJ130022 \/ RAPCJ130022<\/p>","protected":false},"featured_media":11633,"comment_status":"open","ping_status":"closed","template":"","meta":[],"_links":{"self":[{"href":"https:\/\/www.sams-industrie.fr\/en\/wp-json\/wp\/v2\/product\/10177"}],"collection":[{"href":"https:\/\/www.sams-industrie.fr\/en\/wp-json\/wp\/v2\/product"}],"about":[{"href":"https:\/\/www.sams-industrie.fr\/en\/wp-json\/wp\/v2\/types\/product"}],"replies":[{"embeddable":true,"href":"https:\/\/www.sams-industrie.fr\/en\/wp-json\/wp\/v2\/comments?post=10177"}],"wp:featuredmedia":[{"embeddable":true,"href":"https:\/\/www.sams-industrie.fr\/en\/wp-json\/wp\/v2\/media\/11633"}],"wp:attachment":[{"href":"https:\/\/www.sams-industrie.fr\/en\/wp-json\/wp\/v2\/media?parent=10177"}],"curies":[{"name":"wp","href":"https:\/\/api.w.org\/{rel}","templated":true}]}}