{"id":10175,"date":"2025-02-05T09:52:17","date_gmt":"2025-02-05T08:52:17","guid":{"rendered":"https:\/\/www.sams-industrie.fr\/product\/demi-coquille-contre-presseur-reference\/"},"modified":"2025-10-14T16:33:36","modified_gmt":"2025-10-14T14:33:36","slug":"demi-coquille-contre-presseur-reference","status":"publish","type":"product","link":"https:\/\/www.sams-industrie.fr\/en\/product\/demi-coquille-contre-presseur-reference\/","title":{"rendered":"Counter-pressor half-shell<br> Reference CJ-130-013"},"content":{"rendered":"","protected":false},"excerpt":{"rendered":"<p>RAPIDEX 2PC721<br \/>\nR\u00e9f\u00e9rence constructeur : CJ-130-013<br \/>\nR\u00e9f\u00e9rences \u00e9quivalentes : CJ130013 \/ MCJ130013 \/ RAPCJ130013<\/p>","protected":false},"featured_media":11632,"comment_status":"open","ping_status":"closed","template":"","meta":[],"_links":{"self":[{"href":"https:\/\/www.sams-industrie.fr\/en\/wp-json\/wp\/v2\/product\/10175"}],"collection":[{"href":"https:\/\/www.sams-industrie.fr\/en\/wp-json\/wp\/v2\/product"}],"about":[{"href":"https:\/\/www.sams-industrie.fr\/en\/wp-json\/wp\/v2\/types\/product"}],"replies":[{"embeddable":true,"href":"https:\/\/www.sams-industrie.fr\/en\/wp-json\/wp\/v2\/comments?post=10175"}],"wp:featuredmedia":[{"embeddable":true,"href":"https:\/\/www.sams-industrie.fr\/en\/wp-json\/wp\/v2\/media\/11632"}],"wp:attachment":[{"href":"https:\/\/www.sams-industrie.fr\/en\/wp-json\/wp\/v2\/media?parent=10175"}],"curies":[{"name":"wp","href":"https:\/\/api.w.org\/{rel}","templated":true}]}}