{"id":10173,"date":"2025-02-05T09:52:15","date_gmt":"2025-02-05T08:52:15","guid":{"rendered":"https:\/\/www.sams-industrie.fr\/product\/moyeu-prise-de-mouvement-presseur-reference-2\/"},"modified":"2025-02-19T11:54:50","modified_gmt":"2025-02-19T10:54:50","slug":"moyeu-prise-de-mouvement-presseur-reference-2","status":"publish","type":"product","link":"https:\/\/www.sams-industrie.fr\/en\/product\/moyeu-prise-de-mouvement-presseur-reference-2\/","title":{"rendered":"Presser power take-off hub<br> Reference CJ-020-133"},"content":{"rendered":"","protected":false},"excerpt":{"rendered":"<p>RAPIDEX 2PC721<br \/> R\u00e9f\u00e9rence constructeur : CJ-020-133<br \/> R\u00e9f\u00e9rences \u00e9quivalentes : CJ020133 \/ MCJ020133 \/ RAPCJ020133<\/p>","protected":false},"featured_media":0,"comment_status":"open","ping_status":"closed","template":"","meta":[],"_links":{"self":[{"href":"https:\/\/www.sams-industrie.fr\/en\/wp-json\/wp\/v2\/product\/10173"}],"collection":[{"href":"https:\/\/www.sams-industrie.fr\/en\/wp-json\/wp\/v2\/product"}],"about":[{"href":"https:\/\/www.sams-industrie.fr\/en\/wp-json\/wp\/v2\/types\/product"}],"replies":[{"embeddable":true,"href":"https:\/\/www.sams-industrie.fr\/en\/wp-json\/wp\/v2\/comments?post=10173"}],"wp:attachment":[{"href":"https:\/\/www.sams-industrie.fr\/en\/wp-json\/wp\/v2\/media?parent=10173"}],"curies":[{"name":"wp","href":"https:\/\/api.w.org\/{rel}","templated":true}]}}