{"id":10172,"date":"2025-02-05T09:52:14","date_gmt":"2025-02-05T08:52:14","guid":{"rendered":"https:\/\/www.sams-industrie.fr\/product\/galet-presseur-reference-2\/"},"modified":"2025-02-19T11:54:49","modified_gmt":"2025-02-19T10:54:49","slug":"galet-presseur-reference-2","status":"publish","type":"product","link":"https:\/\/www.sams-industrie.fr\/en\/product\/galet-presseur-reference-2\/","title":{"rendered":"Pressure roller<br> Reference CJ-118-079"},"content":{"rendered":"","protected":false},"excerpt":{"rendered":"<p>RAPIDEX 2PC721<br \/> R\u00e9f\u00e9rence constructeur : CJ-118-079<br \/> R\u00e9f\u00e9rences \u00e9quivalentes : CJ118079 \/ MCJ118079 \/ RAPCJ118079<\/p>","protected":false},"featured_media":0,"comment_status":"open","ping_status":"closed","template":"","meta":[],"_links":{"self":[{"href":"https:\/\/www.sams-industrie.fr\/en\/wp-json\/wp\/v2\/product\/10172"}],"collection":[{"href":"https:\/\/www.sams-industrie.fr\/en\/wp-json\/wp\/v2\/product"}],"about":[{"href":"https:\/\/www.sams-industrie.fr\/en\/wp-json\/wp\/v2\/types\/product"}],"replies":[{"embeddable":true,"href":"https:\/\/www.sams-industrie.fr\/en\/wp-json\/wp\/v2\/comments?post=10172"}],"wp:attachment":[{"href":"https:\/\/www.sams-industrie.fr\/en\/wp-json\/wp\/v2\/media?parent=10172"}],"curies":[{"name":"wp","href":"https:\/\/api.w.org\/{rel}","templated":true}]}}