{"id":10171,"date":"2025-02-05T09:52:13","date_gmt":"2025-02-05T08:52:13","guid":{"rendered":"https:\/\/www.sams-industrie.fr\/product\/butee-de-presseur-reference\/"},"modified":"2025-10-14T15:47:13","modified_gmt":"2025-10-14T13:47:13","slug":"butee-de-presseur-reference","status":"publish","type":"product","link":"https:\/\/www.sams-industrie.fr\/en\/product\/butee-de-presseur-reference\/","title":{"rendered":"Presser stop<br> Reference CJ-118-080"},"content":{"rendered":"","protected":false},"excerpt":{"rendered":"<p>RAPIDEX 2PC721<br \/>\nR\u00e9f\u00e9rence constructeur : CJ-118-080<br \/>\nR\u00e9f\u00e9rences \u00e9quivalentes : CJ118080 \/ MCJ118080 \/ RAPCJ118080<\/p>","protected":false},"featured_media":11631,"comment_status":"open","ping_status":"closed","template":"","meta":[],"_links":{"self":[{"href":"https:\/\/www.sams-industrie.fr\/en\/wp-json\/wp\/v2\/product\/10171"}],"collection":[{"href":"https:\/\/www.sams-industrie.fr\/en\/wp-json\/wp\/v2\/product"}],"about":[{"href":"https:\/\/www.sams-industrie.fr\/en\/wp-json\/wp\/v2\/types\/product"}],"replies":[{"embeddable":true,"href":"https:\/\/www.sams-industrie.fr\/en\/wp-json\/wp\/v2\/comments?post=10171"}],"wp:featuredmedia":[{"embeddable":true,"href":"https:\/\/www.sams-industrie.fr\/en\/wp-json\/wp\/v2\/media\/11631"}],"wp:attachment":[{"href":"https:\/\/www.sams-industrie.fr\/en\/wp-json\/wp\/v2\/media?parent=10171"}],"curies":[{"name":"wp","href":"https:\/\/api.w.org\/{rel}","templated":true}]}}