{"id":10169,"date":"2025-02-05T09:52:11","date_gmt":"2025-02-05T08:52:11","guid":{"rendered":"https:\/\/www.sams-industrie.fr\/product\/pignon-de-galet-presseur-reference\/"},"modified":"2025-02-19T11:54:47","modified_gmt":"2025-02-19T10:54:47","slug":"pignon-de-galet-presseur-reference","status":"publish","type":"product","link":"https:\/\/www.sams-industrie.fr\/en\/product\/pignon-de-galet-presseur-reference\/","title":{"rendered":"Pressure roller sprocket<br> Reference CJ-118-044"},"content":{"rendered":"","protected":false},"excerpt":{"rendered":"<p>RAPIDEX 2PC721<br \/> R\u00e9f\u00e9rence constructeur : CJ-118-044<br \/> R\u00e9f\u00e9rences \u00e9quivalentes : CJ118044 \/ MCJ118044 \/ RAPCJ118044<\/p>","protected":false},"featured_media":0,"comment_status":"open","ping_status":"closed","template":"","meta":[],"_links":{"self":[{"href":"https:\/\/www.sams-industrie.fr\/en\/wp-json\/wp\/v2\/product\/10169"}],"collection":[{"href":"https:\/\/www.sams-industrie.fr\/en\/wp-json\/wp\/v2\/product"}],"about":[{"href":"https:\/\/www.sams-industrie.fr\/en\/wp-json\/wp\/v2\/types\/product"}],"replies":[{"embeddable":true,"href":"https:\/\/www.sams-industrie.fr\/en\/wp-json\/wp\/v2\/comments?post=10169"}],"wp:attachment":[{"href":"https:\/\/www.sams-industrie.fr\/en\/wp-json\/wp\/v2\/media?parent=10169"}],"curies":[{"name":"wp","href":"https:\/\/api.w.org\/{rel}","templated":true}]}}