{"id":10164,"date":"2025-02-05T09:52:04","date_gmt":"2025-02-05T08:52:04","guid":{"rendered":"https:\/\/www.sams-industrie.fr\/product\/chape-arriere-de-verin-de-presseur-reference\/"},"modified":"2025-02-19T11:54:44","modified_gmt":"2025-02-19T10:54:44","slug":"chape-arriere-de-verin-de-presseur-reference","status":"publish","type":"product","link":"https:\/\/www.sams-industrie.fr\/en\/product\/chape-arriere-de-verin-de-presseur-reference\/","title":{"rendered":"Rear clevis of the presser cylinder<br> Reference CJ-118-018"},"content":{"rendered":"","protected":false},"excerpt":{"rendered":"<p>RAPIDEX 2PC721<br \/> R\u00e9f\u00e9rence constructeur : CJ-118-018<br \/> R\u00e9f\u00e9rences \u00e9quivalentes : CJ118018 \/ MCJ118018 \/ RAPCJ118018<\/p>","protected":false},"featured_media":0,"comment_status":"open","ping_status":"closed","template":"","meta":[],"_links":{"self":[{"href":"https:\/\/www.sams-industrie.fr\/en\/wp-json\/wp\/v2\/product\/10164"}],"collection":[{"href":"https:\/\/www.sams-industrie.fr\/en\/wp-json\/wp\/v2\/product"}],"about":[{"href":"https:\/\/www.sams-industrie.fr\/en\/wp-json\/wp\/v2\/types\/product"}],"replies":[{"embeddable":true,"href":"https:\/\/www.sams-industrie.fr\/en\/wp-json\/wp\/v2\/comments?post=10164"}],"wp:attachment":[{"href":"https:\/\/www.sams-industrie.fr\/en\/wp-json\/wp\/v2\/media?parent=10164"}],"curies":[{"name":"wp","href":"https:\/\/api.w.org\/{rel}","templated":true}]}}