{"id":10162,"date":"2025-02-05T09:52:03","date_gmt":"2025-02-05T08:52:03","guid":{"rendered":"https:\/\/www.sams-industrie.fr\/product\/embout-de-verin-de-presseur-reference\/"},"modified":"2025-10-14T15:45:24","modified_gmt":"2025-10-14T13:45:24","slug":"embout-de-verin-de-presseur-reference","status":"publish","type":"product","link":"https:\/\/www.sams-industrie.fr\/en\/product\/embout-de-verin-de-presseur-reference\/","title":{"rendered":"Presser cylinder tip<br> Reference CJ-118-027"},"content":{"rendered":"","protected":false},"excerpt":{"rendered":"<p>RAPIDEX 2PC721<br \/>\nR\u00e9f\u00e9rence constructeur : CJ-118-027<br \/>\nR\u00e9f\u00e9rences \u00e9quivalentes : CJ118027 \/ MCJ118027 \/ RAPCJ118027<\/p>","protected":false},"featured_media":11629,"comment_status":"open","ping_status":"closed","template":"","meta":[],"_links":{"self":[{"href":"https:\/\/www.sams-industrie.fr\/en\/wp-json\/wp\/v2\/product\/10162"}],"collection":[{"href":"https:\/\/www.sams-industrie.fr\/en\/wp-json\/wp\/v2\/product"}],"about":[{"href":"https:\/\/www.sams-industrie.fr\/en\/wp-json\/wp\/v2\/types\/product"}],"replies":[{"embeddable":true,"href":"https:\/\/www.sams-industrie.fr\/en\/wp-json\/wp\/v2\/comments?post=10162"}],"wp:featuredmedia":[{"embeddable":true,"href":"https:\/\/www.sams-industrie.fr\/en\/wp-json\/wp\/v2\/media\/11629"}],"wp:attachment":[{"href":"https:\/\/www.sams-industrie.fr\/en\/wp-json\/wp\/v2\/media?parent=10162"}],"curies":[{"name":"wp","href":"https:\/\/api.w.org\/{rel}","templated":true}]}}