{"id":10159,"date":"2025-02-05T09:52:00","date_gmt":"2025-02-05T08:52:00","guid":{"rendered":"https:\/\/www.sams-industrie.fr\/product\/couvercle-palier-presseur-reference\/"},"modified":"2025-02-19T11:54:41","modified_gmt":"2025-02-19T10:54:41","slug":"couvercle-palier-presseur-reference","status":"publish","type":"product","link":"https:\/\/www.sams-industrie.fr\/en\/product\/couvercle-palier-presseur-reference\/","title":{"rendered":"Pressure bearing cover<br> Reference CJ-118-076"},"content":{"rendered":"","protected":false},"excerpt":{"rendered":"<p>RAPIDEX 2PC721<br \/> R\u00e9f\u00e9rence constructeur : CJ-118-076<br \/> R\u00e9f\u00e9rences \u00e9quivalentes : CJ118076 \/ MCJ118076 \/ RAPCJ118076<\/p>","protected":false},"featured_media":0,"comment_status":"open","ping_status":"closed","template":"","meta":[],"_links":{"self":[{"href":"https:\/\/www.sams-industrie.fr\/en\/wp-json\/wp\/v2\/product\/10159"}],"collection":[{"href":"https:\/\/www.sams-industrie.fr\/en\/wp-json\/wp\/v2\/product"}],"about":[{"href":"https:\/\/www.sams-industrie.fr\/en\/wp-json\/wp\/v2\/types\/product"}],"replies":[{"embeddable":true,"href":"https:\/\/www.sams-industrie.fr\/en\/wp-json\/wp\/v2\/comments?post=10159"}],"wp:attachment":[{"href":"https:\/\/www.sams-industrie.fr\/en\/wp-json\/wp\/v2\/media?parent=10159"}],"curies":[{"name":"wp","href":"https:\/\/api.w.org\/{rel}","templated":true}]}}