{"id":10154,"date":"2025-02-05T09:51:55","date_gmt":"2025-02-05T08:51:55","guid":{"rendered":"https:\/\/www.sams-industrie.fr\/product\/pignon-reference-3\/"},"modified":"2025-02-19T11:54:37","modified_gmt":"2025-02-19T10:54:37","slug":"pignon-reference-3","status":"publish","type":"product","link":"https:\/\/www.sams-industrie.fr\/en\/product\/pignon-reference-3\/","title":{"rendered":"Pinion<br> Reference CJ-020-310"},"content":{"rendered":"","protected":false},"excerpt":{"rendered":"<p>RAPIDEX 2PC721<br \/> R\u00e9f\u00e9rence constructeur : CJ-020-310<br \/> R\u00e9f\u00e9rences \u00e9quivalentes : CJ020310 \/ MCJ020310 \/ RAPCJ020310<\/p>","protected":false},"featured_media":0,"comment_status":"open","ping_status":"closed","template":"","meta":[],"_links":{"self":[{"href":"https:\/\/www.sams-industrie.fr\/en\/wp-json\/wp\/v2\/product\/10154"}],"collection":[{"href":"https:\/\/www.sams-industrie.fr\/en\/wp-json\/wp\/v2\/product"}],"about":[{"href":"https:\/\/www.sams-industrie.fr\/en\/wp-json\/wp\/v2\/types\/product"}],"replies":[{"embeddable":true,"href":"https:\/\/www.sams-industrie.fr\/en\/wp-json\/wp\/v2\/comments?post=10154"}],"wp:attachment":[{"href":"https:\/\/www.sams-industrie.fr\/en\/wp-json\/wp\/v2\/media?parent=10154"}],"curies":[{"name":"wp","href":"https:\/\/api.w.org\/{rel}","templated":true}]}}