{"id":10153,"date":"2025-02-05T09:51:54","date_gmt":"2025-02-05T08:51:54","guid":{"rendered":"https:\/\/www.sams-industrie.fr\/product\/clavette-reference\/"},"modified":"2025-02-19T11:54:34","modified_gmt":"2025-02-19T10:54:34","slug":"clavette-reference","status":"publish","type":"product","link":"https:\/\/www.sams-industrie.fr\/en\/product\/clavette-reference\/","title":{"rendered":"Key<br> Reference CJ-020-313"},"content":{"rendered":"","protected":false},"excerpt":{"rendered":"<p>RAPIDEX 2PC721<br \/> R\u00e9f\u00e9rence constructeur : CJ-020-313<br \/> R\u00e9f\u00e9rences \u00e9quivalentes : CJ020313 \/ MCJ020313 \/ RAPCJ020313<\/p>","protected":false},"featured_media":0,"comment_status":"open","ping_status":"closed","template":"","meta":[],"_links":{"self":[{"href":"https:\/\/www.sams-industrie.fr\/en\/wp-json\/wp\/v2\/product\/10153"}],"collection":[{"href":"https:\/\/www.sams-industrie.fr\/en\/wp-json\/wp\/v2\/product"}],"about":[{"href":"https:\/\/www.sams-industrie.fr\/en\/wp-json\/wp\/v2\/types\/product"}],"replies":[{"embeddable":true,"href":"https:\/\/www.sams-industrie.fr\/en\/wp-json\/wp\/v2\/comments?post=10153"}],"wp:attachment":[{"href":"https:\/\/www.sams-industrie.fr\/en\/wp-json\/wp\/v2\/media?parent=10153"}],"curies":[{"name":"wp","href":"https:\/\/api.w.org\/{rel}","templated":true}]}}