{"id":10151,"date":"2025-02-05T09:51:52","date_gmt":"2025-02-05T08:51:52","guid":{"rendered":"https:\/\/www.sams-industrie.fr\/product\/support-de-butee-reference\/"},"modified":"2025-02-19T11:54:33","modified_gmt":"2025-02-19T10:54:33","slug":"support-de-butee-reference","status":"publish","type":"product","link":"https:\/\/www.sams-industrie.fr\/en\/product\/support-de-butee-reference\/","title":{"rendered":"Stop support<br> Reference CJ-040-019"},"content":{"rendered":"","protected":false},"excerpt":{"rendered":"<p>RAPIDEX 2PC721<br \/> R\u00e9f\u00e9rence constructeur : CJ-040-019<br \/> R\u00e9f\u00e9rences \u00e9quivalentes : CJ040019 \/ MCJ040019 \/ RAPCJ040019<\/p>","protected":false},"featured_media":0,"comment_status":"open","ping_status":"closed","template":"","meta":[],"_links":{"self":[{"href":"https:\/\/www.sams-industrie.fr\/en\/wp-json\/wp\/v2\/product\/10151"}],"collection":[{"href":"https:\/\/www.sams-industrie.fr\/en\/wp-json\/wp\/v2\/product"}],"about":[{"href":"https:\/\/www.sams-industrie.fr\/en\/wp-json\/wp\/v2\/types\/product"}],"replies":[{"embeddable":true,"href":"https:\/\/www.sams-industrie.fr\/en\/wp-json\/wp\/v2\/comments?post=10151"}],"wp:attachment":[{"href":"https:\/\/www.sams-industrie.fr\/en\/wp-json\/wp\/v2\/media?parent=10151"}],"curies":[{"name":"wp","href":"https:\/\/api.w.org\/{rel}","templated":true}]}}