{"id":10149,"date":"2025-02-05T09:51:51","date_gmt":"2025-02-05T08:51:51","guid":{"rendered":"https:\/\/www.sams-industrie.fr\/product\/joue-droite-reference\/"},"modified":"2025-02-19T11:54:30","modified_gmt":"2025-02-19T10:54:30","slug":"joue-droite-reference","status":"publish","type":"product","link":"https:\/\/www.sams-industrie.fr\/en\/product\/joue-droite-reference\/","title":{"rendered":"Right cheek<br> Reference CJ-050-028"},"content":{"rendered":"","protected":false},"excerpt":{"rendered":"<p>RAPIDEX 2PC721<br \/> R\u00e9f\u00e9rence constructeur : CJ-050-028<br \/> R\u00e9f\u00e9rences \u00e9quivalentes : CJ050028 \/ MCJ050028 \/ RAPCJ050028<\/p>","protected":false},"featured_media":0,"comment_status":"open","ping_status":"closed","template":"","meta":[],"_links":{"self":[{"href":"https:\/\/www.sams-industrie.fr\/en\/wp-json\/wp\/v2\/product\/10149"}],"collection":[{"href":"https:\/\/www.sams-industrie.fr\/en\/wp-json\/wp\/v2\/product"}],"about":[{"href":"https:\/\/www.sams-industrie.fr\/en\/wp-json\/wp\/v2\/types\/product"}],"replies":[{"embeddable":true,"href":"https:\/\/www.sams-industrie.fr\/en\/wp-json\/wp\/v2\/comments?post=10149"}],"wp:attachment":[{"href":"https:\/\/www.sams-industrie.fr\/en\/wp-json\/wp\/v2\/media?parent=10149"}],"curies":[{"name":"wp","href":"https:\/\/api.w.org\/{rel}","templated":true}]}}