{"id":10146,"date":"2025-02-05T09:51:48","date_gmt":"2025-02-05T08:51:48","guid":{"rendered":"https:\/\/www.sams-industrie.fr\/product\/pignon-reference-2\/"},"modified":"2025-02-19T11:54:28","modified_gmt":"2025-02-19T10:54:28","slug":"pignon-reference-2","status":"publish","type":"product","link":"https:\/\/www.sams-industrie.fr\/en\/product\/pignon-reference-2\/","title":{"rendered":"Pinion<br> Reference CJ-045-022"},"content":{"rendered":"","protected":false},"excerpt":{"rendered":"<p>RAPIDEX 2PC721<br \/> R\u00e9f\u00e9rence constructeur : CJ-045-022<br \/> R\u00e9f\u00e9rences \u00e9quivalentes : CJ045022 \/ MCJ045022 \/ RAPCJ045022<\/p>","protected":false},"featured_media":0,"comment_status":"open","ping_status":"closed","template":"","meta":[],"_links":{"self":[{"href":"https:\/\/www.sams-industrie.fr\/en\/wp-json\/wp\/v2\/product\/10146"}],"collection":[{"href":"https:\/\/www.sams-industrie.fr\/en\/wp-json\/wp\/v2\/product"}],"about":[{"href":"https:\/\/www.sams-industrie.fr\/en\/wp-json\/wp\/v2\/types\/product"}],"replies":[{"embeddable":true,"href":"https:\/\/www.sams-industrie.fr\/en\/wp-json\/wp\/v2\/comments?post=10146"}],"wp:attachment":[{"href":"https:\/\/www.sams-industrie.fr\/en\/wp-json\/wp\/v2\/media?parent=10146"}],"curies":[{"name":"wp","href":"https:\/\/api.w.org\/{rel}","templated":true}]}}