{"id":10145,"date":"2025-02-05T09:51:47","date_gmt":"2025-02-05T08:51:47","guid":{"rendered":"https:\/\/www.sams-industrie.fr\/product\/axe-reference-3\/"},"modified":"2025-10-14T15:44:40","modified_gmt":"2025-10-14T13:44:40","slug":"axe-reference-3","status":"publish","type":"product","link":"https:\/\/www.sams-industrie.fr\/en\/product\/axe-reference-3\/","title":{"rendered":"Axis<br> Reference CJ-020-022"},"content":{"rendered":"","protected":false},"excerpt":{"rendered":"<p>RAPIDEX 2PC721<br \/>\nR\u00e9f\u00e9rence constructeur : CJ-020-022<br \/>\nR\u00e9f\u00e9rences \u00e9quivalentes : CJ020022 \/ MCJ020022 \/ RAPCJ020022<\/p>","protected":false},"featured_media":11628,"comment_status":"open","ping_status":"closed","template":"","meta":[],"_links":{"self":[{"href":"https:\/\/www.sams-industrie.fr\/en\/wp-json\/wp\/v2\/product\/10145"}],"collection":[{"href":"https:\/\/www.sams-industrie.fr\/en\/wp-json\/wp\/v2\/product"}],"about":[{"href":"https:\/\/www.sams-industrie.fr\/en\/wp-json\/wp\/v2\/types\/product"}],"replies":[{"embeddable":true,"href":"https:\/\/www.sams-industrie.fr\/en\/wp-json\/wp\/v2\/comments?post=10145"}],"wp:featuredmedia":[{"embeddable":true,"href":"https:\/\/www.sams-industrie.fr\/en\/wp-json\/wp\/v2\/media\/11628"}],"wp:attachment":[{"href":"https:\/\/www.sams-industrie.fr\/en\/wp-json\/wp\/v2\/media?parent=10145"}],"curies":[{"name":"wp","href":"https:\/\/api.w.org\/{rel}","templated":true}]}}