{"id":10144,"date":"2025-02-05T09:51:46","date_gmt":"2025-02-05T08:51:46","guid":{"rendered":"https:\/\/www.sams-industrie.fr\/product\/axe-reference-2\/"},"modified":"2025-02-19T11:54:26","modified_gmt":"2025-02-19T10:54:26","slug":"axe-reference-2","status":"publish","type":"product","link":"https:\/\/www.sams-industrie.fr\/en\/product\/axe-reference-2\/","title":{"rendered":"Axis<br> Reference CJ-020-316"},"content":{"rendered":"","protected":false},"excerpt":{"rendered":"<p>RAPIDEX 2PC721<br \/> R\u00e9f\u00e9rence constructeur : CJ-020-316<br \/> R\u00e9f\u00e9rences \u00e9quivalentes : CJ020316 \/ MCJ020316 \/ RAPCJ020316<\/p>","protected":false},"featured_media":0,"comment_status":"open","ping_status":"closed","template":"","meta":[],"_links":{"self":[{"href":"https:\/\/www.sams-industrie.fr\/en\/wp-json\/wp\/v2\/product\/10144"}],"collection":[{"href":"https:\/\/www.sams-industrie.fr\/en\/wp-json\/wp\/v2\/product"}],"about":[{"href":"https:\/\/www.sams-industrie.fr\/en\/wp-json\/wp\/v2\/types\/product"}],"replies":[{"embeddable":true,"href":"https:\/\/www.sams-industrie.fr\/en\/wp-json\/wp\/v2\/comments?post=10144"}],"wp:attachment":[{"href":"https:\/\/www.sams-industrie.fr\/en\/wp-json\/wp\/v2\/media?parent=10144"}],"curies":[{"name":"wp","href":"https:\/\/api.w.org\/{rel}","templated":true}]}}