{"id":10142,"date":"2025-02-05T09:51:43","date_gmt":"2025-02-05T08:51:43","guid":{"rendered":"https:\/\/www.sams-industrie.fr\/product\/galet-de-renvoi-reference-3\/"},"modified":"2025-02-19T11:54:25","modified_gmt":"2025-02-19T10:54:25","slug":"galet-de-renvoi-reference-3","status":"publish","type":"product","link":"https:\/\/www.sams-industrie.fr\/en\/product\/galet-de-renvoi-reference-3\/","title":{"rendered":"Idler roller<br> Reference CJ-020-023"},"content":{"rendered":"","protected":false},"excerpt":{"rendered":"<p>RAPIDEX 2PC721<br \/> R\u00e9f\u00e9rence constructeur : CJ-020-023<br \/> R\u00e9f\u00e9rences \u00e9quivalentes : CJ020023 \/ MCJ020023 \/ RAPCJ020023<\/p>","protected":false},"featured_media":0,"comment_status":"open","ping_status":"closed","template":"","meta":[],"_links":{"self":[{"href":"https:\/\/www.sams-industrie.fr\/en\/wp-json\/wp\/v2\/product\/10142"}],"collection":[{"href":"https:\/\/www.sams-industrie.fr\/en\/wp-json\/wp\/v2\/product"}],"about":[{"href":"https:\/\/www.sams-industrie.fr\/en\/wp-json\/wp\/v2\/types\/product"}],"replies":[{"embeddable":true,"href":"https:\/\/www.sams-industrie.fr\/en\/wp-json\/wp\/v2\/comments?post=10142"}],"wp:attachment":[{"href":"https:\/\/www.sams-industrie.fr\/en\/wp-json\/wp\/v2\/media?parent=10142"}],"curies":[{"name":"wp","href":"https:\/\/api.w.org\/{rel}","templated":true}]}}