{"id":10141,"date":"2025-02-05T09:51:42","date_gmt":"2025-02-05T08:51:42","guid":{"rendered":"https:\/\/www.sams-industrie.fr\/product\/galet-de-renvoi-reference-2\/"},"modified":"2025-10-14T15:43:51","modified_gmt":"2025-10-14T13:43:51","slug":"galet-de-renvoi-reference-2","status":"publish","type":"product","link":"https:\/\/www.sams-industrie.fr\/en\/product\/galet-de-renvoi-reference-2\/","title":{"rendered":"Idler roller<br> Reference CJ-020-021"},"content":{"rendered":"","protected":false},"excerpt":{"rendered":"<p>RAPIDEX 2PC721<br \/>\nR\u00e9f\u00e9rence constructeur : CJ-020-021<br \/>\nR\u00e9f\u00e9rences \u00e9quivalentes : CJ020021 \/ MCJ020021 \/ RAPCJ020021<\/p>","protected":false},"featured_media":11627,"comment_status":"open","ping_status":"closed","template":"","meta":[],"_links":{"self":[{"href":"https:\/\/www.sams-industrie.fr\/en\/wp-json\/wp\/v2\/product\/10141"}],"collection":[{"href":"https:\/\/www.sams-industrie.fr\/en\/wp-json\/wp\/v2\/product"}],"about":[{"href":"https:\/\/www.sams-industrie.fr\/en\/wp-json\/wp\/v2\/types\/product"}],"replies":[{"embeddable":true,"href":"https:\/\/www.sams-industrie.fr\/en\/wp-json\/wp\/v2\/comments?post=10141"}],"wp:featuredmedia":[{"embeddable":true,"href":"https:\/\/www.sams-industrie.fr\/en\/wp-json\/wp\/v2\/media\/11627"}],"wp:attachment":[{"href":"https:\/\/www.sams-industrie.fr\/en\/wp-json\/wp\/v2\/media?parent=10141"}],"curies":[{"name":"wp","href":"https:\/\/api.w.org\/{rel}","templated":true}]}}