{"id":10139,"date":"2025-02-05T09:51:41","date_gmt":"2025-02-05T08:51:41","guid":{"rendered":"https:\/\/www.sams-industrie.fr\/product\/poulie-de-renvoi-reference\/"},"modified":"2025-02-19T11:54:23","modified_gmt":"2025-02-19T10:54:23","slug":"poulie-de-renvoi-reference","status":"publish","type":"product","link":"https:\/\/www.sams-industrie.fr\/en\/product\/poulie-de-renvoi-reference\/","title":{"rendered":"Idler pulley<br> Reference CJ-020-028"},"content":{"rendered":"","protected":false},"excerpt":{"rendered":"<p>RAPIDEX 2PC721<br \/> R\u00e9f\u00e9rence constructeur : CJ-020-028<br \/> R\u00e9f\u00e9rences \u00e9quivalentes : CJ020028 \/ MCJ020028 \/ RAPCJ020028<\/p>","protected":false},"featured_media":0,"comment_status":"open","ping_status":"closed","template":"","meta":[],"_links":{"self":[{"href":"https:\/\/www.sams-industrie.fr\/en\/wp-json\/wp\/v2\/product\/10139"}],"collection":[{"href":"https:\/\/www.sams-industrie.fr\/en\/wp-json\/wp\/v2\/product"}],"about":[{"href":"https:\/\/www.sams-industrie.fr\/en\/wp-json\/wp\/v2\/types\/product"}],"replies":[{"embeddable":true,"href":"https:\/\/www.sams-industrie.fr\/en\/wp-json\/wp\/v2\/comments?post=10139"}],"wp:attachment":[{"href":"https:\/\/www.sams-industrie.fr\/en\/wp-json\/wp\/v2\/media?parent=10139"}],"curies":[{"name":"wp","href":"https:\/\/api.w.org\/{rel}","templated":true}]}}