{"id":10138,"date":"2025-02-05T09:51:39","date_gmt":"2025-02-05T08:51:39","guid":{"rendered":"https:\/\/www.sams-industrie.fr\/product\/axe-de-biellette-reference\/"},"modified":"2025-02-19T11:54:22","modified_gmt":"2025-02-19T10:54:22","slug":"axe-de-biellette-reference","status":"publish","type":"product","link":"https:\/\/www.sams-industrie.fr\/en\/product\/axe-de-biellette-reference\/","title":{"rendered":"Tie rod axle<br> Reference CJ-020-040"},"content":{"rendered":"","protected":false},"excerpt":{"rendered":"<p>RAPIDEX 2PC721<br \/> R\u00e9f\u00e9rence constructeur : CJ-020-040<br \/> R\u00e9f\u00e9rences \u00e9quivalentes : CJ020040 \/ MCJ020040 \/ RAPCJ020040<\/p>","protected":false},"featured_media":0,"comment_status":"open","ping_status":"closed","template":"","meta":[],"_links":{"self":[{"href":"https:\/\/www.sams-industrie.fr\/en\/wp-json\/wp\/v2\/product\/10138"}],"collection":[{"href":"https:\/\/www.sams-industrie.fr\/en\/wp-json\/wp\/v2\/product"}],"about":[{"href":"https:\/\/www.sams-industrie.fr\/en\/wp-json\/wp\/v2\/types\/product"}],"replies":[{"embeddable":true,"href":"https:\/\/www.sams-industrie.fr\/en\/wp-json\/wp\/v2\/comments?post=10138"}],"wp:attachment":[{"href":"https:\/\/www.sams-industrie.fr\/en\/wp-json\/wp\/v2\/media?parent=10138"}],"curies":[{"name":"wp","href":"https:\/\/api.w.org\/{rel}","templated":true}]}}