{"id":10137,"date":"2025-02-05T09:51:38","date_gmt":"2025-02-05T08:51:38","guid":{"rendered":"https:\/\/www.sams-industrie.fr\/product\/bossage-de-biellette-reference\/"},"modified":"2025-02-19T11:54:21","modified_gmt":"2025-02-19T10:54:21","slug":"bossage-de-biellette-reference","status":"publish","type":"product","link":"https:\/\/www.sams-industrie.fr\/en\/product\/bossage-de-biellette-reference\/","title":{"rendered":"Tie rod boss<br> Reference CJ-020-148"},"content":{"rendered":"","protected":false},"excerpt":{"rendered":"<p>RAPIDEX 2PC721<br \/> R\u00e9f\u00e9rence constructeur : CJ-020-148<br \/> R\u00e9f\u00e9rences \u00e9quivalentes : CJ020148 \/ MCJ020148 \/ RAPCJ020148<\/p>","protected":false},"featured_media":0,"comment_status":"open","ping_status":"closed","template":"","meta":[],"_links":{"self":[{"href":"https:\/\/www.sams-industrie.fr\/en\/wp-json\/wp\/v2\/product\/10137"}],"collection":[{"href":"https:\/\/www.sams-industrie.fr\/en\/wp-json\/wp\/v2\/product"}],"about":[{"href":"https:\/\/www.sams-industrie.fr\/en\/wp-json\/wp\/v2\/types\/product"}],"replies":[{"embeddable":true,"href":"https:\/\/www.sams-industrie.fr\/en\/wp-json\/wp\/v2\/comments?post=10137"}],"wp:attachment":[{"href":"https:\/\/www.sams-industrie.fr\/en\/wp-json\/wp\/v2\/media?parent=10137"}],"curies":[{"name":"wp","href":"https:\/\/api.w.org\/{rel}","templated":true}]}}