{"id":10133,"date":"2025-02-05T09:51:35","date_gmt":"2025-02-05T08:51:35","guid":{"rendered":"https:\/\/www.sams-industrie.fr\/product\/buse-reference-colleuse-3\/"},"modified":"2025-02-19T11:54:18","modified_gmt":"2025-02-19T10:54:18","slug":"buse-reference-colleuse-3","status":"publish","type":"product","link":"https:\/\/www.sams-industrie.fr\/en\/product\/buse-reference-colleuse-3\/","title":{"rendered":"Nozzle<br> Reference CJ-118-504"},"content":{"rendered":"","protected":false},"excerpt":{"rendered":"<p>RAPIDEX <br \/> R\u00e9f\u00e9rence constructeur : CJ-118-504<br \/> R\u00e9f\u00e9rences \u00e9quivalentes : CJ118504 \/ MCJ118504 \/ RAPCJ118504<\/p>","protected":false},"featured_media":0,"comment_status":"open","ping_status":"closed","template":"","meta":[],"_links":{"self":[{"href":"https:\/\/www.sams-industrie.fr\/en\/wp-json\/wp\/v2\/product\/10133"}],"collection":[{"href":"https:\/\/www.sams-industrie.fr\/en\/wp-json\/wp\/v2\/product"}],"about":[{"href":"https:\/\/www.sams-industrie.fr\/en\/wp-json\/wp\/v2\/types\/product"}],"replies":[{"embeddable":true,"href":"https:\/\/www.sams-industrie.fr\/en\/wp-json\/wp\/v2\/comments?post=10133"}],"wp:attachment":[{"href":"https:\/\/www.sams-industrie.fr\/en\/wp-json\/wp\/v2\/media?parent=10133"}],"curies":[{"name":"wp","href":"https:\/\/api.w.org\/{rel}","templated":true}]}}