{"id":10131,"date":"2025-02-05T09:51:33","date_gmt":"2025-02-05T08:51:33","guid":{"rendered":"https:\/\/www.sams-industrie.fr\/product\/buse-reference-colleuse\/"},"modified":"2025-10-14T15:42:37","modified_gmt":"2025-10-14T13:42:37","slug":"buse-reference-colleuse","status":"publish","type":"product","link":"https:\/\/www.sams-industrie.fr\/en\/product\/buse-reference-colleuse\/","title":{"rendered":"Nozzle<br> Reference CJ-118-465"},"content":{"rendered":"","protected":false},"excerpt":{"rendered":"<p>RAPIDEX<br \/>\nR\u00e9f\u00e9rence constructeur : CJ-118-465<br \/>\nR\u00e9f\u00e9rences \u00e9quivalentes : CJ118465 \/ MCJ118465 \/ RAPCJ118465<\/p>","protected":false},"featured_media":11626,"comment_status":"open","ping_status":"closed","template":"","meta":[],"_links":{"self":[{"href":"https:\/\/www.sams-industrie.fr\/en\/wp-json\/wp\/v2\/product\/10131"}],"collection":[{"href":"https:\/\/www.sams-industrie.fr\/en\/wp-json\/wp\/v2\/product"}],"about":[{"href":"https:\/\/www.sams-industrie.fr\/en\/wp-json\/wp\/v2\/types\/product"}],"replies":[{"embeddable":true,"href":"https:\/\/www.sams-industrie.fr\/en\/wp-json\/wp\/v2\/comments?post=10131"}],"wp:featuredmedia":[{"embeddable":true,"href":"https:\/\/www.sams-industrie.fr\/en\/wp-json\/wp\/v2\/media\/11626"}],"wp:attachment":[{"href":"https:\/\/www.sams-industrie.fr\/en\/wp-json\/wp\/v2\/media?parent=10131"}],"curies":[{"name":"wp","href":"https:\/\/api.w.org\/{rel}","templated":true}]}}